{"id":668,"date":"2021-11-18T02:03:55","date_gmt":"2021-11-18T01:03:55","guid":{"rendered":"https:\/\/omszkwakecentrum.hu\/my-account-2\/"},"modified":"2021-12-08T02:45:11","modified_gmt":"2021-12-08T01:45:11","slug":"my-account-2","status":"publish","type":"page","link":"https:\/\/omszkwakecentrum.hu\/en\/my-account-2\/","title":{"rendered":"My account"},"content":{"rendered":"\t\t<div data-elementor-type=\"wp-page\" data-elementor-id=\"668\" class=\"elementor elementor-668 elementor-561\">\n\t\t\t\t\t\t\t\t\t<section class=\"elementor-section elementor-top-section elementor-element elementor-element-1a142912 elementor-section-height-min-height elementor-section-items-top elementor-section-boxed elementor-section-height-default\" data-id=\"1a142912\" data-element_type=\"section\" data-settings=\"{&quot;jet_parallax_layout_list&quot;:[{&quot;jet_parallax_layout_image&quot;:{&quot;url&quot;:&quot;&quot;,&quot;id&quot;:&quot;&quot;,&quot;size&quot;:&quot;&quot;},&quot;_id&quot;:&quot;376ecf4&quot;,&quot;jet_parallax_layout_image_widescreen&quot;:{&quot;url&quot;:&quot;&quot;,&quot;id&quot;:&quot;&quot;,&quot;size&quot;:&quot;&quot;},&quot;jet_parallax_layout_image_tablet&quot;:{&quot;url&quot;:&quot;&quot;,&quot;id&quot;:&quot;&quot;,&quot;size&quot;:&quot;&quot;},&quot;jet_parallax_layout_image_mobile&quot;:{&quot;url&quot;:&quot;&quot;,&quot;id&quot;:&quot;&quot;,&quot;size&quot;:&quot;&quot;},&quot;jet_parallax_layout_speed&quot;:{&quot;unit&quot;:&quot;%&quot;,&quot;size&quot;:50,&quot;sizes&quot;:[]},&quot;jet_parallax_layout_type&quot;:&quot;scroll&quot;,&quot;jet_parallax_layout_direction&quot;:null,&quot;jet_parallax_layout_fx_direction&quot;:null,&quot;jet_parallax_layout_z_index&quot;:&quot;&quot;,&quot;jet_parallax_layout_bg_x&quot;:50,&quot;jet_parallax_layout_bg_x_widescreen&quot;:&quot;&quot;,&quot;jet_parallax_layout_bg_x_tablet&quot;:&quot;&quot;,&quot;jet_parallax_layout_bg_x_mobile&quot;:&quot;&quot;,&quot;jet_parallax_layout_bg_y&quot;:50,&quot;jet_parallax_layout_bg_y_widescreen&quot;:&quot;&quot;,&quot;jet_parallax_layout_bg_y_tablet&quot;:&quot;&quot;,&quot;jet_parallax_layout_bg_y_mobile&quot;:&quot;&quot;,&quot;jet_parallax_layout_bg_size&quot;:&quot;auto&quot;,&quot;jet_parallax_layout_bg_size_widescreen&quot;:&quot;&quot;,&quot;jet_parallax_layout_bg_size_tablet&quot;:&quot;&quot;,&quot;jet_parallax_layout_bg_size_mobile&quot;:&quot;&quot;,&quot;jet_parallax_layout_animation_prop&quot;:&quot;transform&quot;,&quot;jet_parallax_layout_on&quot;:[&quot;desktop&quot;,&quot;tablet&quot;]}]}\">\n\t\t\t\t\t\t<div class=\"elementor-container elementor-column-gap-default\">\n\t\t\t\t\t<div class=\"elementor-column elementor-col-100 elementor-top-column elementor-element elementor-element-731823f9\" data-id=\"731823f9\" data-element_type=\"column\">\n\t\t\t<div class=\"elementor-widget-wrap elementor-element-populated\">\n\t\t\t\t\t\t\t\t<div class=\"elementor-element elementor-element-bb1fe53 e-my-account-tabs-horizontal elementor-widget elementor-widget-woocommerce-my-account\" data-id=\"bb1fe53\" data-element_type=\"widget\" data-widget_type=\"woocommerce-my-account.default\">\n\t\t\t\t<div class=\"elementor-widget-container\">\n\t\t\t<link rel=\"stylesheet\" href=\"https:\/\/omszkwakecentrum.hu\/wp-content\/plugins\/elementor-pro\/assets\/css\/widget-woocommerce.min.css\"><div class=\"e-my-account-tab e-my-account-tab__ \">\t\t\t<span class=\"elementor-hidden\">[woocommerce_my_account]<\/span>\n\t\t\t<div class=\"woocommerce\"><\/div>\t\t<\/div>\n\t\t\t\t<\/div>\n\t\t\t\t<\/div>\n\t\t\t\t\t<\/div>\n\t\t<\/div>\n\t\t\t\t\t\t\t<\/div>\n\t\t<\/section>\n\t\t\t\t\t\t\t<\/div>\n\t\t","protected":false},"excerpt":{"rendered":"<p>Bejelentkez\u00e9s Felhaszn\u00e1l\u00f3n\u00e9v vagy Email c\u00edm&nbsp;* Jelsz\u00f3&nbsp;* Eml\u00e9kezz r\u00e1m Bejelentkez\u00e9s Elfelejtett jelsz\u00f3? Regisztr\u00e1ci\u00f3 E-mail c\u00edm&nbsp;* A jelsz\u00f3t e-mailben kapod majd meg. Regisztr\u00e1ci\u00f3<\/p>\n","protected":false},"author":1,"featured_media":0,"parent":0,"menu_order":0,"comment_status":"closed","ping_status":"closed","template":"","meta":{"pmpro_default_level":0,"_monsterinsights_skip_tracking":false,"_monsterinsights_sitenote_active":false,"_monsterinsights_sitenote_note":"","_monsterinsights_sitenote_category":0,"footnotes":""},"class_list":["post-668","page","type-page","status-publish","hentry","pmpro-has-access"],"_links":{"self":[{"href":"https:\/\/omszkwakecentrum.hu\/en\/wp-json\/wp\/v2\/pages\/668","targetHints":{"allow":["GET"]}}],"collection":[{"href":"https:\/\/omszkwakecentrum.hu\/en\/wp-json\/wp\/v2\/pages"}],"about":[{"href":"https:\/\/omszkwakecentrum.hu\/en\/wp-json\/wp\/v2\/types\/page"}],"author":[{"embeddable":true,"href":"https:\/\/omszkwakecentrum.hu\/en\/wp-json\/wp\/v2\/users\/1"}],"replies":[{"embeddable":true,"href":"https:\/\/omszkwakecentrum.hu\/en\/wp-json\/wp\/v2\/comments?post=668"}],"version-history":[{"count":5,"href":"https:\/\/omszkwakecentrum.hu\/en\/wp-json\/wp\/v2\/pages\/668\/revisions"}],"predecessor-version":[{"id":1607,"href":"https:\/\/omszkwakecentrum.hu\/en\/wp-json\/wp\/v2\/pages\/668\/revisions\/1607"}],"wp:attachment":[{"href":"https:\/\/omszkwakecentrum.hu\/en\/wp-json\/wp\/v2\/media?parent=668"}],"curies":[{"name":"wp","href":"https:\/\/api.w.org\/{rel}","templated":true}]}}