{"id":1906,"date":"2022-04-08T16:22:10","date_gmt":"2022-04-08T14:22:10","guid":{"rendered":"https:\/\/omszkwakecentrum.hu\/imprint\/"},"modified":"2022-04-08T16:23:05","modified_gmt":"2022-04-08T14:23:05","slug":"imprint","status":"publish","type":"page","link":"https:\/\/omszkwakecentrum.hu\/en\/imprint\/","title":{"rendered":"Imprint"},"content":{"rendered":"\t\t<div data-elementor-type=\"wp-page\" data-elementor-id=\"1906\" class=\"elementor elementor-1906 elementor-1900\">\n\t\t\t\t\t\t\t\t\t<section class=\"elementor-section elementor-top-section elementor-element elementor-element-2e46420 elementor-section-boxed elementor-section-height-default elementor-section-height-default\" data-id=\"2e46420\" data-element_type=\"section\" data-settings=\"{&quot;jet_parallax_layout_list&quot;:[{&quot;jet_parallax_layout_image&quot;:{&quot;url&quot;:&quot;&quot;,&quot;id&quot;:&quot;&quot;,&quot;size&quot;:&quot;&quot;},&quot;_id&quot;:&quot;72c7a15&quot;,&quot;jet_parallax_layout_image_widescreen&quot;:{&quot;url&quot;:&quot;&quot;,&quot;id&quot;:&quot;&quot;,&quot;size&quot;:&quot;&quot;},&quot;jet_parallax_layout_image_tablet&quot;:{&quot;url&quot;:&quot;&quot;,&quot;id&quot;:&quot;&quot;,&quot;size&quot;:&quot;&quot;},&quot;jet_parallax_layout_image_mobile&quot;:{&quot;url&quot;:&quot;&quot;,&quot;id&quot;:&quot;&quot;,&quot;size&quot;:&quot;&quot;},&quot;jet_parallax_layout_speed&quot;:{&quot;unit&quot;:&quot;%&quot;,&quot;size&quot;:50,&quot;sizes&quot;:[]},&quot;jet_parallax_layout_type&quot;:&quot;scroll&quot;,&quot;jet_parallax_layout_direction&quot;:null,&quot;jet_parallax_layout_fx_direction&quot;:null,&quot;jet_parallax_layout_z_index&quot;:&quot;&quot;,&quot;jet_parallax_layout_bg_x&quot;:50,&quot;jet_parallax_layout_bg_x_widescreen&quot;:&quot;&quot;,&quot;jet_parallax_layout_bg_x_tablet&quot;:&quot;&quot;,&quot;jet_parallax_layout_bg_x_mobile&quot;:&quot;&quot;,&quot;jet_parallax_layout_bg_y&quot;:50,&quot;jet_parallax_layout_bg_y_widescreen&quot;:&quot;&quot;,&quot;jet_parallax_layout_bg_y_tablet&quot;:&quot;&quot;,&quot;jet_parallax_layout_bg_y_mobile&quot;:&quot;&quot;,&quot;jet_parallax_layout_bg_size&quot;:&quot;auto&quot;,&quot;jet_parallax_layout_bg_size_widescreen&quot;:&quot;&quot;,&quot;jet_parallax_layout_bg_size_tablet&quot;:&quot;&quot;,&quot;jet_parallax_layout_bg_size_mobile&quot;:&quot;&quot;,&quot;jet_parallax_layout_animation_prop&quot;:&quot;transform&quot;,&quot;jet_parallax_layout_on&quot;:[&quot;desktop&quot;,&quot;tablet&quot;]}]}\">\n\t\t\t\t\t\t<div class=\"elementor-container elementor-column-gap-default\">\n\t\t\t\t\t<div class=\"elementor-column elementor-col-100 elementor-top-column elementor-element elementor-element-2c34125\" data-id=\"2c34125\" data-element_type=\"column\">\n\t\t\t<div class=\"elementor-widget-wrap elementor-element-populated\">\n\t\t\t\t\t\t\t\t<div class=\"elementor-element elementor-element-22f8c15 elementor-widget elementor-widget-text-editor\" data-id=\"22f8c15\" data-element_type=\"widget\" data-widget_type=\"text-editor.default\">\n\t\t\t\t<div class=\"elementor-widget-container\">\n\t\t\t<style>\/*! elementor - v3.11.1 - 15-02-2023 *\/\n.elementor-widget-text-editor.elementor-drop-cap-view-stacked .elementor-drop-cap{background-color:#818a91;color:#fff}.elementor-widget-text-editor.elementor-drop-cap-view-framed .elementor-drop-cap{color:#818a91;border:3px solid;background-color:transparent}.elementor-widget-text-editor:not(.elementor-drop-cap-view-default) .elementor-drop-cap{margin-top:8px}.elementor-widget-text-editor:not(.elementor-drop-cap-view-default) .elementor-drop-cap-letter{width:1em;height:1em}.elementor-widget-text-editor .elementor-drop-cap{float:left;text-align:center;line-height:1;font-size:50px}.elementor-widget-text-editor .elementor-drop-cap-letter{display:inline-block}<\/style>\t\t\t\t<h2>Service provider details<\/h2>\n<ul>\n \t<li>Name of the service provider: OWC Szolg\u00e1ltat\u00f3 Kereskedelmi Korl\u00e1tolt Felel\u0151ss\u00e9g\u0171 T\u00e1rsas\u00e1g<\/li>\n \t<li>Registered office: 2011 Budakal\u00e1sz, Omszk park 1861\/25. hrsz. (Lake Omszk)  <\/li>\n \t<li>Tax number: 12904475-2-13<\/li>\n \t<li>Company registration number: 13-09-141626<\/li>\n \t<li>Name of the court of registration of the service provider: Budapest District Court Registry Court<\/li>\n \t<li>The e-mail address of the service provider: info@omszkwakecentrum.hu<\/li>\n \t<li>Phone number of the service provider: + 36-70-380-3506<\/li>\n<\/ul>\n<h2>Hosting provider<\/h2>\n<ul>\n \t<li>Name: ELIN.hu IT Service and Consulting Limited Liability Company<\/li>\n \t<li>Head office: 9024 Gy\u0151r, D\u00e9ry T. u. 11. 2. em.    4.<\/li>\n \t<li>E-mail: info@elin.hu<\/li>\n \t<li>Web: www.elin.hu<\/li>\n<\/ul>\t\t\t\t\t\t<\/div>\n\t\t\t\t<\/div>\n\t\t\t\t\t<\/div>\n\t\t<\/div>\n\t\t\t\t\t\t\t<\/div>\n\t\t<\/section>\n\t\t\t\t\t\t\t<\/div>\n\t\t","protected":false},"excerpt":{"rendered":"<p>Service provider details Name of the service provider: OWC Szolg\u00e1ltat\u00f3 Kereskedelmi Korl\u00e1tolt Felel\u0151ss\u00e9g\u0171 T\u00e1rsas\u00e1g Registered office: 2011 Budakal\u00e1sz, Omszk park 1861\/25. hrsz. (Lake Omszk) Tax number: 12904475-2-13 Company registration number: 13-09-141626 Name of the court of registration of the service provider: Budapest District Court Registry Court The e-mail address of the service provider: info@omszkwakecentrum.hu Phone [&hellip;]<\/p>\n","protected":false},"author":1,"featured_media":0,"parent":0,"menu_order":0,"comment_status":"closed","ping_status":"closed","template":"","meta":{"pmpro_default_level":0,"_monsterinsights_skip_tracking":false,"_monsterinsights_sitenote_active":false,"_monsterinsights_sitenote_note":"","_monsterinsights_sitenote_category":0,"footnotes":""},"class_list":["post-1906","page","type-page","status-publish","hentry","pmpro-has-access"],"_links":{"self":[{"href":"https:\/\/omszkwakecentrum.hu\/en\/wp-json\/wp\/v2\/pages\/1906","targetHints":{"allow":["GET"]}}],"collection":[{"href":"https:\/\/omszkwakecentrum.hu\/en\/wp-json\/wp\/v2\/pages"}],"about":[{"href":"https:\/\/omszkwakecentrum.hu\/en\/wp-json\/wp\/v2\/types\/page"}],"author":[{"embeddable":true,"href":"https:\/\/omszkwakecentrum.hu\/en\/wp-json\/wp\/v2\/users\/1"}],"replies":[{"embeddable":true,"href":"https:\/\/omszkwakecentrum.hu\/en\/wp-json\/wp\/v2\/comments?post=1906"}],"version-history":[{"count":5,"href":"https:\/\/omszkwakecentrum.hu\/en\/wp-json\/wp\/v2\/pages\/1906\/revisions"}],"predecessor-version":[{"id":1911,"href":"https:\/\/omszkwakecentrum.hu\/en\/wp-json\/wp\/v2\/pages\/1906\/revisions\/1911"}],"wp:attachment":[{"href":"https:\/\/omszkwakecentrum.hu\/en\/wp-json\/wp\/v2\/media?parent=1906"}],"curies":[{"name":"wp","href":"https:\/\/api.w.org\/{rel}","templated":true}]}}